{"id":4835,"date":"2018-12-04T11:04:57","date_gmt":"2018-12-04T11:04:57","guid":{"rendered":"http:\/\/2018.jornadastributarias.es\/?page_id=4388"},"modified":"2018-12-04T11:04:57","modified_gmt":"2018-12-04T11:04:57","slug":"ponencias","status":"publish","type":"page","link":"https:\/\/2018.jornadastributarias.es\/index.php\/ponencias\/","title":{"rendered":"Ponencias"},"content":{"rendered":"<section class=\"wpb-content-wrapper\"><p>[vc_row][vc_column][vc_column_text]A continuaci\u00f3n os dejamos algunas de las ponencias de las jornadas:<\/p>\n<p>Principales aspectos contables y fiscales en las reestructuraciones empresariales. Jos\u00e9 Antonio Gil del Campo. Para ver ponencia pulse <a href=\"http:\/\/2018.jornadastributarias.es\/wp-content\/uploads\/2018\/12\/1-JOSE-ANTONIO-GIL-DEL-CAMPO.pptx\">aqu\u00ed<\/a><\/p>\n<p>Diferencias entre las normativas de las Haciendas Vascas y la de Territorio Com\u00fan en la imposici\u00f3n directa. Miguel \u00c1ngel Calle. Para ver ponencia pulse <a href=\"http:\/\/2018.jornadastributarias.es\/wp-content\/uploads\/2018\/12\/3-MIGUEL-ANGEL-CALLE-PAINCEIRA.pptx\">aqu\u00ed<\/a><\/p>\n<p>Patrimonio protegido. Margen de mejora fiscal. Juan Carlos L\u00f3pez Garrido. Para ver la ponencia pulse <a href=\"http:\/\/2018.jornadastributarias.es\/wp-content\/uploads\/2018\/12\/4-JUAN-CARLOS-LOPEZ-GARRIDO.pptx\">aqu\u00ed <\/a><\/p>\n<p>El IVA que viene. Jos\u00e9 M\u00aa P\u00e9rez Mart\u00ednez. Para ver la ponencia pulse <a href=\"http:\/\/2018.jornadastributarias.es\/wp-content\/uploads\/2018\/12\/5-JOSE-MARIA-PEREZ-MARTINEZ.pptx\">aqu\u00ed<\/a><\/p>\n<p>Principales modificaciones de la ley 10\/2010. Luis Manuel Rub\u00ed Blanc. Para ver la ponencia pulse <a href=\"http:\/\/2018.jornadastributarias.es\/wp-content\/uploads\/2018\/12\/6-LUIS-M.-RUBI-BLANC.pptx\">aqu\u00ed<\/a><\/p>\n<p>Directiva intercambio autom\u00e1tico mecanismos transfronterizos (DAC 6). Carlos G\u00f3mez Jim\u00e9nez. Para ver la ponencia pulse <a href=\"http:\/\/2018.jornadastributarias.es\/wp-content\/uploads\/2018\/12\/7-CARLOS-GOMEZ-JIMENEZ.pdf\">aqu\u00ed<\/a><\/p>\n<p>Algunas cuestiones clave en la disoluci\u00f3n de condominios. Javier Diez Zaera. Para ver la ponencia pulse <a href=\"http:\/\/2018.jornadastributarias.es\/wp-content\/uploads\/2018\/12\/9-JAVIER-DIEZ-ZAERA.odp\">aqu\u00ed <\/a>[\/vc_column_text][\/vc_column][\/vc_row][vc_row][vc_column][vc_column_text]<\/p>\n<h4>V\u00eddeos de las ponencias<\/h4>\n<h5>29 de noviembre<\/h5>\n<p>[\/vc_column_text][\/vc_column][\/vc_row][vc_row][vc_column width=\u00bb1\/3&#8243;][vc_column_text]<\/p>\n<h5>Conferencia inaugural<\/h5>\n<p>[\/vc_column_text][vc_video link=\u00bbhttps:\/\/youtu.be\/ZLZOUu7pjLs\u00bb][\/vc_column][vc_column width=\u00bb1\/3&#8243;][vc_column_text]<\/p>\n<h5>Sesi\u00f3n general 1<\/h5>\n<p>[\/vc_column_text][vc_video link=\u00bbhttps:\/\/youtu.be\/B11Jhx1XmW8&#8243;][\/vc_column][vc_column width=\u00bb1\/3&#8243;][vc_column_text]<\/p>\n<h5>Sesi\u00f3n general 2<\/h5>\n<p>[\/vc_column_text][vc_video link=\u00bbhttps:\/\/youtu.be\/9OdILOLZaYg\u00bb][\/vc_column][\/vc_row][vc_row][vc_column width=\u00bb1\/3&#8243;][vc_column_text]<\/p>\n<h5>Sesi\u00f3n general 3<\/h5>\n<p>[\/vc_column_text][vc_video link=\u00bbhttps:\/\/youtu.be\/cnvcTBmPfuA\u00bb][\/vc_column][vc_column width=\u00bb1\/3&#8243;][vc_column_text]<\/p>\n<h5>Sesi\u00f3n general 4<\/h5>\n<p>[\/vc_column_text][vc_video link=\u00bbhttps:\/\/youtu.be\/JMD5kqnOpYE\u00bb][\/vc_column][vc_column width=\u00bb1\/3&#8243;][vc_column_text]<\/p>\n<h5>Sesi\u00f3n general 5<\/h5>\n<p>[\/vc_column_text][vc_video link=\u00bbhttps:\/\/youtu.be\/qT8sASw8JfU\u00bb][\/vc_column][\/vc_row][vc_row][vc_column width=\u00bb1\/3&#8243;][vc_column_text]<\/p>\n<h5>Sesi\u00f3n general 6<\/h5>\n<p>[\/vc_column_text][vc_video link=\u00bbhttps:\/\/youtu.be\/M3_Ad4qrWD4&#8243;][\/vc_column][vc_column width=\u00bb1\/3&#8243;][\/vc_column][vc_column width=\u00bb1\/3&#8243;][\/vc_column][\/vc_row][vc_row][vc_column][vc_column_text]<\/p>\n<h5>30 de noviembre<\/h5>\n<p>[\/vc_column_text][\/vc_column][\/vc_row][vc_row][vc_column width=\u00bb1\/3&#8243;][vc_column_text]<\/p>\n<h5>Sesi\u00f3n general 7<\/h5>\n<p>[\/vc_column_text][vc_video link=\u00bbhttps:\/\/youtu.be\/M3Tz2ROOrUU\u00bb][\/vc_column][vc_column width=\u00bb1\/3&#8243;][vc_column_text]<\/p>\n<h5>Sesi\u00f3n general 9<\/h5>\n<p>[\/vc_column_text][vc_video link=\u00bbhttps:\/\/youtu.be\/iM5mbkT1pOk\u00bb][\/vc_column][vc_column width=\u00bb1\/3&#8243;][vc_column_text]<\/p>\n<h5>Sesi\u00f3n general 10<\/h5>\n<p>[\/vc_column_text][vc_video link=\u00bbhttps:\/\/youtu.be\/9BgKvgqHbs0&#8243;][\/vc_column][\/vc_row]<\/p>\n<\/section>","protected":false},"excerpt":{"rendered":"<p>[vc_row][vc_column][vc_column_text]A continuaci\u00f3n os dejamos algunas de las ponencias de las jornadas: Principales aspectos contables y fiscales en las reestructuraciones empresariales. Jos\u00e9 Antonio Gil del Campo. Para ver ponencia pulse aqu\u00ed Diferencias entre las normativas de las Haciendas Vascas y la de Territorio Com\u00fan en la imposici\u00f3n directa. Miguel \u00c1ngel Calle. Para ver ponencia pulse aqu\u00ed&#8230;<\/p>\n","protected":false},"author":1,"featured_media":0,"parent":0,"menu_order":0,"comment_status":"closed","ping_status":"closed","template":"page-fullcontent.php","meta":{"ngg_post_thumbnail":0,"footnotes":""},"_links":{"self":[{"href":"https:\/\/2018.jornadastributarias.es\/index.php\/wp-json\/wp\/v2\/pages\/4835"}],"collection":[{"href":"https:\/\/2018.jornadastributarias.es\/index.php\/wp-json\/wp\/v2\/pages"}],"about":[{"href":"https:\/\/2018.jornadastributarias.es\/index.php\/wp-json\/wp\/v2\/types\/page"}],"author":[{"embeddable":true,"href":"https:\/\/2018.jornadastributarias.es\/index.php\/wp-json\/wp\/v2\/users\/1"}],"replies":[{"embeddable":true,"href":"https:\/\/2018.jornadastributarias.es\/index.php\/wp-json\/wp\/v2\/comments?post=4835"}],"version-history":[{"count":0,"href":"https:\/\/2018.jornadastributarias.es\/index.php\/wp-json\/wp\/v2\/pages\/4835\/revisions"}],"wp:attachment":[{"href":"https:\/\/2018.jornadastributarias.es\/index.php\/wp-json\/wp\/v2\/media?parent=4835"}],"curies":[{"name":"wp","href":"https:\/\/api.w.org\/{rel}","templated":true}]}}