{"id":1593,"date":"2015-08-29T04:44:00","date_gmt":"2015-08-29T04:44:00","guid":{"rendered":"http:\/\/demowp.cththemes.net\/gatherv2\/?page_id=1593"},"modified":"2020-08-11T10:08:00","modified_gmt":"2020-08-11T10:08:00","slug":"home-content-slider","status":"publish","type":"page","link":"https:\/\/2018.jornadastributarias.es\/","title":{"rendered":"Home &#8211; Content Slider"},"content":{"rendered":"<section class=\"wpb-content-wrapper\"><p>[vc_row cth_layout=\u00bbgather_header\u00bb el_id=\u00bbtop\u00bb css=\u00bb.vc_custom_1509965863247{background-image: url(http:\/\/2018.jornadastributarias.es\/wp-content\/uploads\/2015\/08\/slider-bg.jpg?id=1612) !important;}\u00bb el_class=\u00bbslider-bg\u00bb][vc_column css=\u00bb.vc_custom_1440860177369{padding-top: 100px !important;padding-bottom: 40px !important;}\u00bb][cth_flexslider animation=\u00bbslide\u00bb][cth_flexslider_item]<\/p>\n<h1 class=\"headline wow fadeInDown\" data-wow-delay=\"0.1s\"><img decoding=\"async\" loading=\"lazy\" class=\"\" src=\"https:\/\/2018.jornadastributarias.es\/wp-content\/uploads\/2018\/10\/Mu\u00c3\u00b1ecos-01.png\" alt=\"null\" width=\"502\" height=\"106\"><br \/>\n<img decoding=\"async\" loading=\"lazy\" src=\"http:\/\/2018.jornadastributarias.es\/wp-content\/uploads\/2018\/10\/TextoJornadas.png\" width=\"502\" height=\"106\"><\/h1>\n<h1 class=\"headline wow fadeInDown\" data-wow-delay=\"0.1s\">Edici\u00f3n XXII<\/h1>\n<div class=\"when_where wow fadeIn\" data-wow-delay=\"0.4s\">\n<p class=\"event_when\">Auditorio Mutua Madrile\u00f1a &#8211; Paseo de la Castellana, 33 Madrid<\/p>\n<p class=\"event_when\">29 y 30 de noviembre de 2018<\/p>\n<h3>M\u00e1s de 500 asistentes el a\u00f1o pasado<\/h3>\n<\/div>\n<p>[\/cth_flexslider_item][\/cth_flexslider][\/vc_column][\/vc_row][vc_row cth_layout=\u00bbgather_sec\u00bb el_id=\u00bbschedule\u00bb][vc_column][vc_column_text]<\/p>\n<div class=\"section-title wow fadeInUp\">\n<h4>PROGRAMA<\/h4>\n<\/div>\n<p>[\/vc_column_text][cth_schedules][\/vc_column][\/vc_row][vc_row cth_layout=\u00bbgather_sec\u00bb el_id=\u00bbpricing\u00bb][vc_column][vc_column_text]<\/p>\n<div class=\"section-title wow fadeInUp\">\n<h5>Descarga el programa <a href=\"http:\/\/2018.jornadastributarias.es\/wp-content\/uploads\/2018\/11\/JT-AvancePrograma-05.11-2.pdf\">aqu\u00ed<\/a><\/h5>\n<\/div>\n<p>[\/vc_column_text][vc_column_text]<\/p>\n<div class=\"section-title\">\n<h4>HORAS COMPUTABLES FORMACI\u00d3N CONTINUADA DE AUDITORES<\/h4>\n<p>1,5 horas en \u00abContabilidad\u00bb<br \/>\ny 4 horas en \u00abOtras materias\u00bb<\/div>\n<p>[\/vc_column_text][vc_column_text]<\/p>\n<div class=\"section-title\">\n<h4>HORAS COMPUTABLES FORMACI\u00d3N CONTINUADA DE REC]<\/h4>\n<p>5,5 horas<\/p><\/div>\n<p>[\/vc_column_text][vc_column_text]<\/p>\n<div class=\"section-title\">\n<h4>INSCRIPCIONES<\/h4>\n<h5>Ap\u00fantate <a href=\"https:\/\/e-conocimiento.org\/gestion\/login.asp?hidIdCurso=2781\" target=\"_blank\" rel=\"noopener noreferrer\">aqu\u00ed<\/a><\/h5>\n<\/div>\n<p>[\/vc_column_text][vc_column_text]<\/p>\n<div class=\"section-title\">\n<h4>PRECIOS<\/h4>\n<p class=\"no-rep\"><strong>Miembros REAF Asesores Fiscales<\/strong>: 180 euros<br \/>\n<strong>Colegiados<\/strong>: 200 euros<br \/>\n<strong>Resto de asistentes<\/strong>: 250 euros<br \/>\n<em>Estos precios incluyen la documentaci\u00f3n de las jornadas y los caf\u00e9s.<br \/>\n<\/em><\/p>\n<\/div>\n<p>[\/vc_column_text][\/vc_column][\/vc_row][vc_row cth_layout=\u00bbgather_sec\u00bb el_id=\u00bbsponsors\u00bb][vc_column][vc_column_text]<\/p>\n<div class=\"section-title wow fadeInUp\">\n<h4>PATROCINADORES<\/h4>\n<p class=\"no-rep\">&nbsp;<\/p>\n<\/div>\n<p>[\/vc_column_text][vc_single_image image=\u00bb4839&#8243; img_size=\u00bb1000&#215;554&#8243; alignment=\u00bbcenter\u00bb][\/vc_column][\/vc_row][vc_row cth_layout=\u00bbgather_sec\u00bb][vc_column][vc_column_text]<\/p>\n<div class=\"section-title wow fadeInUp\">\n<h4>ORGANIZA<\/h4>\n<p class=\"no-rep\">&nbsp;<\/p>\n<\/div>\n<p>[\/vc_column_text][\/vc_column][\/vc_row][vc_row cth_layout=\u00bbgather_sec\u00bb][vc_column width=\u00bb1\/2&#8243;][vc_single_image image=\u00bb4837&#8243; img_size=\u00bb500X168&#8243;][\/vc_column][vc_column width=\u00bb1\/2&#8243;][vc_single_image image=\u00bb4840&#8243; img_size=\u00bb700&#215;200&#8243;][\/vc_column][\/vc_row][vc_row cth_layout=\u00bbgather_sec\u00bb css=\u00bb.vc_custom_1529484855826{padding-top: 30px !important;padding-bottom: 30px !important;background-color: #f1f1f1 !important;}\u00bb el_id=\u00bbcomoir\u00bb][vc_column width=\u00bb1\/2&#8243;][vc_column_text]<\/p>\n<div class=\"contact-box\">\n<p><img decoding=\"async\" loading=\"lazy\" class=\"alignnone size-full wp-image-1293 wow zoomIn\" src=\"http:\/\/2018.jornadastributarias.es\/wp-content\/uploads\/2015\/05\/location-icon.png\" alt=\"location-icon\" width=\"128\" height=\"128\"><\/p>\n<h5>DIRECCI\u00d3N<\/h5>\n<p class=\"no-rep\">Auditorio Mutua Madrile\u00f1a,<\/p>\n<p>Paseo de la Castellana, 33,<\/p>\n<p>28046 Madrid<\/p>\n<p>&nbsp;<\/p><\/div>\n<p>[\/vc_column_text][\/vc_column][vc_column width=\u00bb1\/2&#8243;][vc_column_text]<\/p>\n<div class=\"contact-box\">\n<p><img decoding=\"async\" loading=\"lazy\" class=\"alignnone size-full wp-image-1292 wow zoomIn\" src=\"https:\/\/www.auditmeeting.es\/wp-content\/uploads\/2015\/05\/email-icon.png\" alt=\"email-icon\" width=\"128\" height=\"128\" data-wow-delay=\"0.3s\"><\/p>\n<h5>CONTACTO<\/h5>\n<p class=\"no-rep\"><a href=\"mailto:reaf@reaf.es\">reaf@reaf.es<\/a><\/p>\n<p>91 432 26 70<\/p>\n<p><span style=\"font-color: white;\">REAF Asesores Fiscales<br \/>\n<\/span><\/p>\n<p>&nbsp;<\/p><\/div>\n<p>[\/vc_column_text][\/vc_column][\/vc_row][vc_row full_width=\u00bbstretch_row\u00bb cth_layout=\u00bbgather_sec\u00bb][vc_column css=\u00bb.vc_custom_1439047012296{padding-right: 0px !important;padding-left: 0px !important;}\u00bb][vc_column_text]<\/p>\n<div class=\"section-title wow fadeInUp\">\n<h4>C\u00d3MO IR<\/h4>\n<p class=\"no-rep\">&nbsp;<\/p>\n<\/div>\n<p>[\/vc_column_text][vc_gmaps link=\u00bb#E-8_JTNDaWZyYW1lJTIwc3JjJTNEJTIyaHR0cHMlM0ElMkYlMkZ3d3cuZ29vZ2xlLmNvbSUyRm1hcHMlMkZlbWJlZCUzRnBiJTNEJTIxMW0xOCUyMTFtMTIlMjExbTMlMjExZDMwMzYuOTQwNzcxNzIxODcyNCUyMTJkLTMuNjg5MzkzMzg0NDMzNDEyJTIxM2Q0MC40MzIzMTAzNzkzNjMzMyUyMTJtMyUyMTFmMCUyMTJmMCUyMTNmMCUyMTNtMiUyMTFpMTAyNCUyMTJpNzY4JTIxNGYxMy4xJTIxM20zJTIxMW0yJTIxMXMweDAlMjUzQTB4NGJiZjk4NjBjNDg5NzM4ZCUyMTJzTXV0dWElMkJNYWRyaWxlJTI1QzMlMjVCMWElMjE1ZTAlMjEzbTIlMjExc2VzJTIxMnNlcyUyMTR2MTUwOTk2MTk4MjQ5MCUyMiUyMHdpZHRoJTNEJTIyNjAwJTIyJTIwaGVpZ2h0JTNEJTIyNDUwJTIyJTIwZnJhbWVib3JkZXIlM0QlMjIwJTIyJTIwc3R5bGUlM0QlMjJib3JkZXIlM0EwJTIyJTIwYWxsb3dmdWxsc2NyZWVuJTNFJTNDJTJGaWZyYW1lJTNF\u00bb][\/vc_column][\/vc_row]<\/p>\n<\/section>","protected":false},"excerpt":{"rendered":"<p>[vc_row cth_layout=\u00bbgather_header\u00bb el_id=\u00bbtop\u00bb css=\u00bb.vc_custom_1509965863247{background-image: url(http:\/\/2018.jornadastributarias.es\/wp-content\/uploads\/2015\/08\/slider-bg.jpg?id=1612) !important;}\u00bb el_class=\u00bbslider-bg\u00bb][vc_column css=\u00bb.vc_custom_1440860177369{padding-top: 100px !important;padding-bottom: 40px !important;}\u00bb][cth_flexslider animation=\u00bbslide\u00bb][cth_flexslider_item] Edici\u00f3n XXII Auditorio Mutua Madrile\u00f1a &#8211; Paseo de la Castellana, 33 Madrid 29 y 30 de noviembre de 2018 M\u00e1s de 500 asistentes el a\u00f1o pasado [\/cth_flexslider_item][\/cth_flexslider][\/vc_column][\/vc_row][vc_row cth_layout=\u00bbgather_sec\u00bb el_id=\u00bbschedule\u00bb][vc_column][vc_column_text] PROGRAMA [\/vc_column_text][cth_schedules][\/vc_column][\/vc_row][vc_row cth_layout=\u00bbgather_sec\u00bb el_id=\u00bbpricing\u00bb][vc_column][vc_column_text] Descarga el programa aqu\u00ed [\/vc_column_text][vc_column_text] HORAS COMPUTABLES FORMACI\u00d3N CONTINUADA&#8230;<\/p>\n","protected":false},"author":1,"featured_media":0,"parent":0,"menu_order":0,"comment_status":"closed","ping_status":"closed","template":"homepage-onepage.php","meta":{"ngg_post_thumbnail":0,"footnotes":""},"_links":{"self":[{"href":"https:\/\/2018.jornadastributarias.es\/index.php\/wp-json\/wp\/v2\/pages\/1593"}],"collection":[{"href":"https:\/\/2018.jornadastributarias.es\/index.php\/wp-json\/wp\/v2\/pages"}],"about":[{"href":"https:\/\/2018.jornadastributarias.es\/index.php\/wp-json\/wp\/v2\/types\/page"}],"author":[{"embeddable":true,"href":"https:\/\/2018.jornadastributarias.es\/index.php\/wp-json\/wp\/v2\/users\/1"}],"replies":[{"embeddable":true,"href":"https:\/\/2018.jornadastributarias.es\/index.php\/wp-json\/wp\/v2\/comments?post=1593"}],"version-history":[{"count":1,"href":"https:\/\/2018.jornadastributarias.es\/index.php\/wp-json\/wp\/v2\/pages\/1593\/revisions"}],"predecessor-version":[{"id":4841,"href":"https:\/\/2018.jornadastributarias.es\/index.php\/wp-json\/wp\/v2\/pages\/1593\/revisions\/4841"}],"wp:attachment":[{"href":"https:\/\/2018.jornadastributarias.es\/index.php\/wp-json\/wp\/v2\/media?parent=1593"}],"curies":[{"name":"wp","href":"https:\/\/api.w.org\/{rel}","templated":true}]}}